{"id":14,"date":"2019-10-29T17:06:58","date_gmt":"2019-10-29T16:06:58","guid":{"rendered":"https:\/\/art-line.pl\/?page_id=14"},"modified":"2020-05-10T11:43:33","modified_gmt":"2020-05-10T09:43:33","slug":"strona-glowna","status":"publish","type":"page","link":"https:\/\/art-line.pl\/","title":{"rendered":""},"content":{"rendered":"\n<h3 class=\"wp-block-heading\">Bi\u017cuteria<\/h3>\n\n\n\n<h4 class=\"has-text-color has-text-align-right wp-block-heading\" style=\"color:#ad4682\"><em>z wielu r\u00f3\u017cnorodnych technik i odrobiny wyobra\u017ani powstaje niesko\u0144czona ilo\u015b\u0107 mo\u017cliwo\u015bci tworzenia pi\u0119knych przedmiot\u00f3w. <\/em><\/h4>\n\n\n\n<figure class=\"wp-block-image size-large\"><a href=\"https:\/\/art-line.pl\/index.php\/blog\/\"><img loading=\"lazy\" decoding=\"async\" width=\"1024\" height=\"128\" src=\"https:\/\/art-line.pl\/wp-content\/uploads\/2019\/11\/wisiorki-1024x128.jpg\" alt=\"\" class=\"wp-image-234\" srcset=\"https:\/\/art-line.pl\/wp-content\/uploads\/2019\/11\/wisiorki-1024x128.jpg 1024w, https:\/\/art-line.pl\/wp-content\/uploads\/2019\/11\/wisiorki-300x38.jpg 300w, https:\/\/art-line.pl\/wp-content\/uploads\/2019\/11\/wisiorki-768x96.jpg 768w, https:\/\/art-line.pl\/wp-content\/uploads\/2019\/11\/wisiorki-600x75.jpg 600w, https:\/\/art-line.pl\/wp-content\/uploads\/2019\/11\/wisiorki.jpg 1600w\" sizes=\"auto, (max-width: 1024px) 100vw, 1024px\" \/><\/a><\/figure>\n\n\n\n<h3 class=\"has-text-align-left wp-block-heading\"> <br><br><strong>Malowanie na jedwabiu<\/strong> <\/h3>\n\n\n\n<h4 class=\"has-text-color has-text-align-right wp-block-heading\" style=\"color:#ad4682\"><em>w moim odczuciu to kwintesencja malarstwa: przepi\u0119kne, \u017cywe kolory, zachwycaj\u0105ce przenikanie barw i \u015bwiat\u0142a.<\/em> <\/h4>\n\n\n\n<figure class=\"wp-block-image size-large\"><a href=\"https:\/\/art-line.pl\/index.php\/jedwab\/\"><img loading=\"lazy\" decoding=\"async\" width=\"896\" height=\"111\" src=\"https:\/\/art-line.pl\/wp-content\/uploads\/2020\/03\/jedwab.jpg\" alt=\"\" class=\"wp-image-458\" srcset=\"https:\/\/art-line.pl\/wp-content\/uploads\/2020\/03\/jedwab.jpg 896w, https:\/\/art-line.pl\/wp-content\/uploads\/2020\/03\/jedwab-300x37.jpg 300w, https:\/\/art-line.pl\/wp-content\/uploads\/2020\/03\/jedwab-768x95.jpg 768w, https:\/\/art-line.pl\/wp-content\/uploads\/2020\/03\/jedwab-750x93.jpg 750w, https:\/\/art-line.pl\/wp-content\/uploads\/2020\/03\/jedwab-600x74.jpg 600w\" sizes=\"auto, (max-width: 896px) 100vw, 896px\" \/><\/a><\/figure>\n\n\n\n<p><\/p>\n\n\n\n<h3 class=\"has-text-align-left wp-block-heading\"><br> <br><strong>Malarstwo intuicyjne<\/strong><\/h3>\n\n\n\n<h4 class=\"has-text-color has-text-align-right wp-block-heading\" style=\"color:#ad4682\"><em> swoboda tworzenia, pe\u0142na dowolno\u015b\u0107 eksperymentowania z wszelkimi dost\u0119pnymi metodami.<\/em> <\/h4>\n\n\n\n<figure class=\"wp-block-image size-large\"><a href=\"https:\/\/art-line.pl\/index.php\/malarstwo\/\"><img loading=\"lazy\" decoding=\"async\" width=\"1024\" height=\"128\" src=\"https:\/\/art-line.pl\/wp-content\/uploads\/2020\/05\/malarstwo1-1024x128.jpg\" alt=\"\" class=\"wp-image-570\" srcset=\"https:\/\/art-line.pl\/wp-content\/uploads\/2020\/05\/malarstwo1-1024x128.jpg 1024w, https:\/\/art-line.pl\/wp-content\/uploads\/2020\/05\/malarstwo1-300x37.jpg 300w, https:\/\/art-line.pl\/wp-content\/uploads\/2020\/05\/malarstwo1-768x96.jpg 768w, https:\/\/art-line.pl\/wp-content\/uploads\/2020\/05\/malarstwo1-1536x192.jpg 1536w, https:\/\/art-line.pl\/wp-content\/uploads\/2020\/05\/malarstwo1-2048x256.jpg 2048w, https:\/\/art-line.pl\/wp-content\/uploads\/2020\/05\/malarstwo1-750x94.jpg 750w, https:\/\/art-line.pl\/wp-content\/uploads\/2020\/05\/malarstwo1-600x75.jpg 600w\" sizes=\"auto, (max-width: 1024px) 100vw, 1024px\" \/><\/a><\/figure>\n","protected":false},"excerpt":{"rendered":"<p>Bi\u017cuteria z wielu r\u00f3\u017cnorodnych technik i odrobiny wyobra\u017ani powstaje niesko\u0144czona ilo\u015b\u0107 mo\u017cliwo\u015bci tworzenia pi\u0119knych przedmiot\u00f3w. Malowanie na jedwabiu w moim odczuciu to kwintesencja malarstwa: przepi\u0119kne, \u017cywe kolory, zachwycaj\u0105ce przenikanie barw i \u015bwiat\u0142a. Malarstwo intuicyjne swoboda tworzenia, pe\u0142na dowolno\u015b\u0107 eksperymentowania z wszelkimi dost\u0119pnymi metodami.<\/p>\n","protected":false},"author":1,"featured_media":0,"parent":0,"menu_order":0,"comment_status":"closed","ping_status":"closed","template":"","meta":{"footnotes":""},"class_list":["post-14","page","type-page","status-publish","hentry"],"_links":{"self":[{"href":"https:\/\/art-line.pl\/index.php\/wp-json\/wp\/v2\/pages\/14","targetHints":{"allow":["GET"]}}],"collection":[{"href":"https:\/\/art-line.pl\/index.php\/wp-json\/wp\/v2\/pages"}],"about":[{"href":"https:\/\/art-line.pl\/index.php\/wp-json\/wp\/v2\/types\/page"}],"author":[{"embeddable":true,"href":"https:\/\/art-line.pl\/index.php\/wp-json\/wp\/v2\/users\/1"}],"replies":[{"embeddable":true,"href":"https:\/\/art-line.pl\/index.php\/wp-json\/wp\/v2\/comments?post=14"}],"version-history":[{"count":32,"href":"https:\/\/art-line.pl\/index.php\/wp-json\/wp\/v2\/pages\/14\/revisions"}],"predecessor-version":[{"id":571,"href":"https:\/\/art-line.pl\/index.php\/wp-json\/wp\/v2\/pages\/14\/revisions\/571"}],"wp:attachment":[{"href":"https:\/\/art-line.pl\/index.php\/wp-json\/wp\/v2\/media?parent=14"}],"curies":[{"name":"wp","href":"https:\/\/api.w.org\/{rel}","templated":true}]}}